{"id":62,"date":"2023-06-10T12:55:56","date_gmt":"2023-06-10T12:55:56","guid":{"rendered":"https:\/\/mpsyche.pl\/?page_id=62"},"modified":"2025-04-10T15:29:01","modified_gmt":"2025-04-10T13:29:01","slug":"strona-glowna","status":"publish","type":"page","link":"https:\/\/mpsyche.pl\/","title":{"rendered":"Strona g\u0142\u00f3wna"},"content":{"rendered":"\n<div class=\"wp-block-media-text alignwide is-stacked-on-mobile is-vertically-aligned-top\" style=\"grid-template-columns:29% auto\"><figure class=\"wp-block-media-text__media\"><img loading=\"lazy\" decoding=\"async\" width=\"1706\" height=\"2560\" src=\"https:\/\/mpsyche.pl\/wp-content\/uploads\/2023\/09\/1-0024-STUDIOARTFILM-scaled.jpeg\" alt=\"\" class=\"wp-image-123 size-full\" srcset=\"https:\/\/mpsyche.pl\/wp-content\/uploads\/2023\/09\/1-0024-STUDIOARTFILM-scaled.jpeg 1706w, https:\/\/mpsyche.pl\/wp-content\/uploads\/2023\/09\/1-0024-STUDIOARTFILM-200x300.jpeg 200w, https:\/\/mpsyche.pl\/wp-content\/uploads\/2023\/09\/1-0024-STUDIOARTFILM-683x1024.jpeg 683w, https:\/\/mpsyche.pl\/wp-content\/uploads\/2023\/09\/1-0024-STUDIOARTFILM-768x1152.jpeg 768w, https:\/\/mpsyche.pl\/wp-content\/uploads\/2023\/09\/1-0024-STUDIOARTFILM-1024x1536.jpeg 1024w, https:\/\/mpsyche.pl\/wp-content\/uploads\/2023\/09\/1-0024-STUDIOARTFILM-1365x2048.jpeg 1365w, https:\/\/mpsyche.pl\/wp-content\/uploads\/2023\/09\/1-0024-STUDIOARTFILM-1568x2352.jpeg 1568w\" sizes=\"auto, (max-width: 1706px) 100vw, 1706px\" \/><\/figure><div class=\"wp-block-media-text__content\">\n<p class=\"has-text-align-left\"><strong><em>Szanowni Pa\u0144stwo,<\/em><\/strong><\/p>\n\n\n\n<p><em>Nazywam si\u0119 Micha\u0142 Majchrzak, jestem psychologiem pracuj\u0105cym w nurcie poznawczo-behawioralnym. Pracuj\u0119 z doros\u0142ymi i m\u0142odzie\u017c\u0105, pomagam w sytuacjach kryzysowych, jestem tak\u017ce wolontariuszem Niebieskiej Linii Instytutu Psychologii Zdrowia jako asystent osoby pokrzywdzonej przest\u0119pstwem.<\/em><\/p>\n\n\n\n<p>Je\u015bli szukasz profesjonalnej pomocy psychologicznej, zapraszam. Oferuj\u0119 indywidualne podej\u015bcie do ka\u017cdej osoby, spotkanie w formule on-line zapewni zachowanie pe\u0142nej prywatno\u015bci i komfortu. Postaram si\u0119 pom\u00f3c Ci rozwi\u0105za\u0107 problemy emocjonalne, osobiste, rodzinne lub zawodowe. Nie musisz wychodzi\u0107 z domu, wystarczy, \u017ce masz dost\u0119p do komputera lub smartfona i po\u0142\u0105czenie z internetem. Termin spotkania wybierzemy razem tak, aby by\u0142 jak najbardziej dogodny dla Ciebie. Spos\u00f3b kontaktu: przez Teams, Zoom, FaceTime lub inny komunikator. Moja propozycja to idealne rozwi\u0105zanie dla os\u00f3b, kt\u00f3re ceni\u0105 sobie wygod\u0119, elastyczno\u015b\u0107 i anonimowo\u015b\u0107.<\/p>\n\n\n\n<p class=\"has-text-align-right\"><em><strong>Zapraszam do kontaktu!<\/strong><\/em><\/p>\n\n\n\n<p><\/p>\n<\/div><\/div>\n\n\n\n<p class=\"has-text-align-right\"><\/p>\n\n\n\n<p><\/p>\n\n\n\n<div class=\"wp-block-columns is-layout-flex wp-container-core-columns-is-layout-9d6595d7 wp-block-columns-is-layout-flex\">\n<div class=\"wp-block-column is-layout-flow wp-block-column-is-layout-flow\" style=\"flex-basis:100%\"><\/div>\n<\/div>\n","protected":false},"excerpt":{"rendered":"<p>Szanowni Pa\u0144stwo, Nazywam si\u0119 Micha\u0142 Majchrzak, jestem psychologiem pracuj\u0105cym w nurcie poznawczo-behawioralnym. Pracuj\u0119 z doros\u0142ymi i m\u0142odzie\u017c\u0105, pomagam w sytuacjach kryzysowych, jestem tak\u017ce wolontariuszem Niebieskiej Linii Instytutu Psychologii Zdrowia jako asystent osoby pokrzywdzonej przest\u0119pstwem. Je\u015bli szukasz profesjonalnej pomocy psychologicznej, zapraszam. Oferuj\u0119 indywidualne podej\u015bcie do ka\u017cdej osoby, spotkanie w formule on-line zapewni zachowanie pe\u0142nej prywatno\u015bci i&hellip; <a class=\"more-link\" href=\"https:\/\/mpsyche.pl\/\">Czytaj dalej <span class=\"screen-reader-text\">Strona g\u0142\u00f3wna<\/span><\/a><\/p>\n","protected":false},"author":1,"featured_media":0,"parent":0,"menu_order":0,"comment_status":"closed","ping_status":"closed","template":"","meta":{"_themeisle_gutenberg_block_has_review":false,"footnotes":""},"class_list":["post-62","page","type-page","status-publish","hentry","entry"],"jetpack_sharing_enabled":true,"_links":{"self":[{"href":"https:\/\/mpsyche.pl\/index.php\/wp-json\/wp\/v2\/pages\/62","targetHints":{"allow":["GET"]}}],"collection":[{"href":"https:\/\/mpsyche.pl\/index.php\/wp-json\/wp\/v2\/pages"}],"about":[{"href":"https:\/\/mpsyche.pl\/index.php\/wp-json\/wp\/v2\/types\/page"}],"author":[{"embeddable":true,"href":"https:\/\/mpsyche.pl\/index.php\/wp-json\/wp\/v2\/users\/1"}],"replies":[{"embeddable":true,"href":"https:\/\/mpsyche.pl\/index.php\/wp-json\/wp\/v2\/comments?post=62"}],"version-history":[{"count":20,"href":"https:\/\/mpsyche.pl\/index.php\/wp-json\/wp\/v2\/pages\/62\/revisions"}],"predecessor-version":[{"id":174,"href":"https:\/\/mpsyche.pl\/index.php\/wp-json\/wp\/v2\/pages\/62\/revisions\/174"}],"wp:attachment":[{"href":"https:\/\/mpsyche.pl\/index.php\/wp-json\/wp\/v2\/media?parent=62"}],"curies":[{"name":"wp","href":"https:\/\/api.w.org\/{rel}","templated":true}]}}